{"id":10,"date":"2024-06-12T21:04:05","date_gmt":"2024-06-12T18:04:05","guid":{"rendered":"https:\/\/efecik.com.tr\/?page_id=10"},"modified":"2024-07-01T15:07:04","modified_gmt":"2024-07-01T12:07:04","slug":"iletisim","status":"publish","type":"page","link":"https:\/\/efecik.com.tr\/index.php\/iletisim\/","title":{"rendered":"\u0130LET\u0130\u015e\u0130M"},"content":{"rendered":"\n\n\n<h4><strong>ROZ\u0130 TUR\u0130ZM T\u0130CARET L\u0130M\u0130TED \u015e\u0130RKET\u0130<\/strong>                      <\/h4>\n\n\n\n<p>Kemeralt\u0131 mah 111. Sokak no 3\/1marmaris<br>+90 (252)4134447 &#8211;  +90 (542)3455447<br>bilgi@roziturizm.com<\/p>\n\n\n\n<h4>MGE AKARYAKIT TUR\u0130ZM T\u0130CARET <strong>L\u0130M\u0130TED \u015e\u0130RKET\u0130<\/strong><\/h4>\n\n\n\n<p>Bay\u0131r mahallesi Mu\u011fla Ayd\u0131n karayolu K\u00fcme evler no:1 Mente\u015fe\/ Mu\u011fla 48040<br>bilgi@mgeakaryakit.com<br>02522255029<\/p>\n\n\n\n<p><\/p>\n\n\n\n<h4>ES\u0130 VENTURE TUR\u0130ZM T\u0130CARET ANON\u0130M \u015e\u0130RKET<\/h4>\n\n\n\n<p><br>K\u00f6tekli mah Denizli yolu Bulvari 4b \/ 22<br>Mente\u015fe \/ Mu\u011fla<br>bilgi@esiventure.com.tr<\/p>\n","protected":false},"excerpt":{"rendered":"<p>ROZ\u0130 TUR\u0130ZM T\u0130CARET L\u0130M\u0130TED \u015e\u0130RKET\u0130 Kemeralt\u0131 mah 111. Sokak no 3\/1marmaris+90 (252)4134447 &#8211; +90 (542)3455447bilgi@roziturizm.com MGE AKARYAKIT TUR\u0130ZM T\u0130CARET L\u0130M\u0130TED \u015e\u0130RKET\u0130 Bay\u0131r mahallesi Mu\u011fla Ayd\u0131n karayolu K\u00fcme evler no:1 Mente\u015fe\/ Mu\u011fla 48040bilgi@mgeakaryakit.com02522255029 ES\u0130 VENTURE TUR\u0130ZM T\u0130CARET ANON\u0130M \u015e\u0130RKET K\u00f6tekli mah Denizli yolu Bulvari 4b \/ 22Mente\u015fe \/ Mu\u011flabilgi@esiventure.com.tr<\/p>\n","protected":false},"author":1,"featured_media":0,"parent":0,"menu_order":0,"comment_status":"closed","ping_status":"closed","template":"","meta":[],"_links":{"self":[{"href":"https:\/\/efecik.com.tr\/index.php\/wp-json\/wp\/v2\/pages\/10"}],"collection":[{"href":"https:\/\/efecik.com.tr\/index.php\/wp-json\/wp\/v2\/pages"}],"about":[{"href":"https:\/\/efecik.com.tr\/index.php\/wp-json\/wp\/v2\/types\/page"}],"author":[{"embeddable":true,"href":"https:\/\/efecik.com.tr\/index.php\/wp-json\/wp\/v2\/users\/1"}],"replies":[{"embeddable":true,"href":"https:\/\/efecik.com.tr\/index.php\/wp-json\/wp\/v2\/comments?post=10"}],"version-history":[{"count":6,"href":"https:\/\/efecik.com.tr\/index.php\/wp-json\/wp\/v2\/pages\/10\/revisions"}],"predecessor-version":[{"id":566,"href":"https:\/\/efecik.com.tr\/index.php\/wp-json\/wp\/v2\/pages\/10\/revisions\/566"}],"wp:attachment":[{"href":"https:\/\/efecik.com.tr\/index.php\/wp-json\/wp\/v2\/media?parent=10"}],"curies":[{"name":"wp","href":"https:\/\/api.w.org\/{rel}","templated":true}]}}