{"id":11,"date":"2024-06-12T21:04:05","date_gmt":"2024-06-12T18:04:05","guid":{"rendered":"https:\/\/efecik.com.tr\/?page_id=11"},"modified":"2024-08-14T14:03:09","modified_gmt":"2024-08-14T11:03:09","slug":"sosyal-sorumluluklarimiz","status":"publish","type":"page","link":"https:\/\/efecik.com.tr\/index.php\/sosyal-sorumluluklarimiz\/","title":{"rendered":"SOSYAL SORUMLULUKLARIMIZ"},"content":{"rendered":"\n<h2>DEPREM B\u00d6LGES\u0130 YARDIMLARI<\/h2>\n\n\n<div id=\"metaslider-id-527\" style=\"width: 100%;\" class=\"ml-slider-3-107-0 metaslider metaslider-flex metaslider-527 ml-slider ms-theme-default nav-hidden\" role=\"region\" aria-label=\"Deprem T\u0131rlar\u0131\" data-height=\"300\" data-width=\"700\">\n    <div id=\"metaslider_container_527\">\n        <div id=\"metaslider_527\">\n            <ul class='slides'>\n                <li style=\"display: block; width: 100%;\" class=\"slide-550 ms-image \" aria-roledescription=\"slide\" data-date=\"2024-07-01 14:46:31\" data-filename=\"WhatsApp-Image-2024-06-25-at-12.42.20-2-700x300.jpeg\" data-slide-type=\"image\"><img src=\"https:\/\/efecik.com.tr\/wp-content\/uploads\/2024\/07\/WhatsApp-Image-2024-06-25-at-12.42.20-2-700x300.jpeg\" height=\"300\" width=\"700\" alt=\"\" class=\"slider-527 slide-550 msDefaultImage\" title=\"WhatsApp Image 2024-06-25 at 12.42.20\" \/><\/li>\n                <li style=\"display: none; width: 100%;\" class=\"slide-544 ms-image \" aria-roledescription=\"slide\" data-date=\"2024-07-01 14:46:31\" data-filename=\"WhatsApp-Image-2024-06-25-at-12.42.18-1-1-700x300.jpeg\" data-slide-type=\"image\"><img src=\"https:\/\/efecik.com.tr\/wp-content\/uploads\/2024\/07\/WhatsApp-Image-2024-06-25-at-12.42.18-1-1-700x300.jpeg\" height=\"300\" width=\"700\" alt=\"\" class=\"slider-527 slide-544 msDefaultImage\" title=\"WhatsApp Image 2024-06-25 at 12.42.18 (1)\" \/><\/li>\n                <li style=\"display: none; width: 100%;\" class=\"slide-545 ms-image \" aria-roledescription=\"slide\" data-date=\"2024-07-01 14:46:31\" data-filename=\"WhatsApp-Image-2024-06-25-at-12.42.18-2-700x300.jpeg\" data-slide-type=\"image\"><img src=\"https:\/\/efecik.com.tr\/wp-content\/uploads\/2024\/07\/WhatsApp-Image-2024-06-25-at-12.42.18-2-700x300.jpeg\" height=\"300\" width=\"700\" alt=\"\" class=\"slider-527 slide-545 msDefaultImage\" title=\"WhatsApp Image 2024-06-25 at 12.42.18\" \/><\/li>\n                <li style=\"display: none; width: 100%;\" class=\"slide-543 ms-image \" aria-roledescription=\"slide\" data-date=\"2024-07-01 14:46:31\" data-filename=\"WhatsApp-Image-2024-06-25-at-12.42.17-2-700x300.jpeg\" data-slide-type=\"image\"><img src=\"https:\/\/efecik.com.tr\/wp-content\/uploads\/2024\/07\/WhatsApp-Image-2024-06-25-at-12.42.17-2-700x300.jpeg\" height=\"300\" width=\"700\" alt=\"\" class=\"slider-527 slide-543 msDefaultImage\" title=\"WhatsApp Image 2024-06-25 at 12.42.17\" \/><\/li>\n                <li style=\"display: none; width: 100%;\" class=\"slide-546 ms-image \" aria-roledescription=\"slide\" data-date=\"2024-07-01 14:46:31\" data-filename=\"WhatsApp-Image-2024-06-25-at-12.42.19-1-1-700x300.jpeg\" data-slide-type=\"image\"><img src=\"https:\/\/efecik.com.tr\/wp-content\/uploads\/2024\/07\/WhatsApp-Image-2024-06-25-at-12.42.19-1-1-700x300.jpeg\" height=\"300\" width=\"700\" alt=\"\" class=\"slider-527 slide-546 msDefaultImage\" title=\"WhatsApp Image 2024-06-25 at 12.42.19 (1)\" \/><\/li>\n                <li style=\"display: none; width: 100%;\" class=\"slide-547 ms-image \" aria-roledescription=\"slide\" data-date=\"2024-07-01 14:46:31\" data-filename=\"WhatsApp-Image-2024-06-25-at-12.42.19-2-1-700x300.jpeg\" data-slide-type=\"image\"><img src=\"https:\/\/efecik.com.tr\/wp-content\/uploads\/2024\/07\/WhatsApp-Image-2024-06-25-at-12.42.19-2-1-700x300.jpeg\" height=\"300\" width=\"700\" alt=\"\" class=\"slider-527 slide-547 msDefaultImage\" title=\"WhatsApp Image 2024-06-25 at 12.42.19 (2)\" \/><\/li>\n                <li style=\"display: none; width: 100%;\" class=\"slide-548 ms-image \" aria-roledescription=\"slide\" data-date=\"2024-07-01 14:46:31\" data-filename=\"WhatsApp-Image-2024-06-25-at-12.42.19-3-700x300.jpeg\" data-slide-type=\"image\"><img src=\"https:\/\/efecik.com.tr\/wp-content\/uploads\/2024\/07\/WhatsApp-Image-2024-06-25-at-12.42.19-3-700x300.jpeg\" height=\"300\" width=\"700\" alt=\"\" class=\"slider-527 slide-548 msDefaultImage\" title=\"WhatsApp Image 2024-06-25 at 12.42.19\" \/><\/li>\n                <li style=\"display: none; width: 100%;\" class=\"slide-549 ms-image \" aria-roledescription=\"slide\" data-date=\"2024-07-01 14:46:31\" data-filename=\"WhatsApp-Image-2024-06-25-at-12.42.20-1-1-700x300.jpeg\" data-slide-type=\"image\"><img src=\"https:\/\/efecik.com.tr\/wp-content\/uploads\/2024\/07\/WhatsApp-Image-2024-06-25-at-12.42.20-1-1-700x300.jpeg\" height=\"300\" width=\"700\" alt=\"\" class=\"slider-527 slide-549 msDefaultImage\" title=\"WhatsApp Image 2024-06-25 at 12.42.20 (1)\" \/><\/li>\n                <li style=\"display: none; width: 100%;\" class=\"slide-551 ms-image \" aria-roledescription=\"slide\" data-date=\"2024-07-01 14:46:31\" data-filename=\"WhatsApp-Image-2024-06-25-at-12.42.21-1-2-700x300.jpeg\" data-slide-type=\"image\"><img src=\"https:\/\/efecik.com.tr\/wp-content\/uploads\/2024\/07\/WhatsApp-Image-2024-06-25-at-12.42.21-1-2-700x300.jpeg\" height=\"300\" width=\"700\" alt=\"\" class=\"slider-527 slide-551 msDefaultImage\" title=\"WhatsApp Image 2024-06-25 at 12.42.21 (1)\" \/><\/li>\n                <li style=\"display: none; width: 100%;\" class=\"slide-552 ms-image \" aria-roledescription=\"slide\" data-date=\"2024-07-01 14:46:31\" data-filename=\"WhatsApp-Image-2024-06-25-at-12.42.21-2-1-700x300.jpeg\" data-slide-type=\"image\"><img src=\"https:\/\/efecik.com.tr\/wp-content\/uploads\/2024\/07\/WhatsApp-Image-2024-06-25-at-12.42.21-2-1-700x300.jpeg\" height=\"300\" width=\"700\" alt=\"\" class=\"slider-527 slide-552 msDefaultImage\" title=\"WhatsApp Image 2024-06-25 at 12.42.21 (2)\" \/><\/li>\n                <li style=\"display: none; width: 100%;\" class=\"slide-553 ms-image \" aria-roledescription=\"slide\" data-date=\"2024-07-01 14:46:31\" data-filename=\"WhatsApp-Image-2024-06-25-at-12.42.21-3-700x300.jpeg\" data-slide-type=\"image\"><img src=\"https:\/\/efecik.com.tr\/wp-content\/uploads\/2024\/07\/WhatsApp-Image-2024-06-25-at-12.42.21-3-700x300.jpeg\" height=\"300\" width=\"700\" alt=\"\" class=\"slider-527 slide-553 msDefaultImage\" title=\"WhatsApp Image 2024-06-25 at 12.42.21\" \/><\/li>\n                <li style=\"display: none; width: 100%;\" class=\"slide-554 ms-image \" aria-roledescription=\"slide\" data-date=\"2024-07-01 14:46:32\" data-filename=\"WhatsApp-Image-2024-06-25-at-12.42.22-1-1-700x300.jpeg\" data-slide-type=\"image\"><img src=\"https:\/\/efecik.com.tr\/wp-content\/uploads\/2024\/07\/WhatsApp-Image-2024-06-25-at-12.42.22-1-1-700x300.jpeg\" height=\"300\" width=\"700\" alt=\"\" class=\"slider-527 slide-554 msDefaultImage\" title=\"WhatsApp Image 2024-06-25 at 12.42.22 (1)\" \/><\/li>\n                <li style=\"display: none; width: 100%;\" class=\"slide-555 ms-image \" aria-roledescription=\"slide\" data-date=\"2024-07-01 14:46:32\" data-filename=\"WhatsApp-Image-2024-06-25-at-12.42.22-2-700x300.jpeg\" data-slide-type=\"image\"><img src=\"https:\/\/efecik.com.tr\/wp-content\/uploads\/2024\/07\/WhatsApp-Image-2024-06-25-at-12.42.22-2-700x300.jpeg\" height=\"300\" width=\"700\" alt=\"\" class=\"slider-527 slide-555 msDefaultImage\" title=\"WhatsApp Image 2024-06-25 at 12.42.22\" \/><\/li>\n            <\/ul>\n        <\/div>\n        \n    <\/div>\n<\/div>\n\n\n\n<hr class=\"wp-block-separator\"\/>\n\n\n\n<div class=\"wp-block-columns\">\n<div class=\"wp-block-column\">\n<div class=\"wp-block-group\"><div class=\"wp-block-group__inner-container\">\n<p> <strong>\u015eirketinizin Kahramanmara\u015f Depremi Yard\u0131m Faaliyetleri \u00d6zeti <\/strong> <br>         6 \u015eubat 2023 tarihinde T\u00fcrkiye&#8217;yi sarsan Kahramanmara\u015f depremi, \u00fclkemiz tarihindeki en y\u0131k\u0131c\u0131 depremlerden biri olarak kay\u0131tlara ge\u00e7ti. Bu trajik olay kar\u015f\u0131s\u0131nda, \u015firketiniz sorumluluk bilinciyle hareket ederek depremzedelere el uzatt\u0131.<br><br><strong>Yard\u0131mseverlik Anlay\u0131\u015f\u0131m\u0131z<\/strong><br>     \u015eirketimiz, insana ve topluma kar\u015f\u0131 sorumluluklar\u0131n\u0131n bilinciyle hareket etmeyi temel ilkelerinden biri olarak kabul etmi\u015ftir. Bu do\u011frultuda, do\u011fal afetler gibi zor zamanlarda daima ihtiya\u00e7 sahiplerinin yan\u0131nda yer almaya gayret g\u00f6stermektedir. Kahramanmara\u015f Depremi&#8217;nde de bu anlay\u0131\u015fla hareket ederek depremzedelere acil ve kapsaml\u0131 bir \u015fekilde yard\u0131m ula\u015ft\u0131rmay\u0131 ilke edindi.<\/p>\n\n\n\n<p> <strong>Ger\u00e7ekle\u015ftirilen Yard\u0131m Faaliyetleri<\/strong>  <br><br>     <strong>Bilgilendirme ve H\u0131zl\u0131 Hareket:<\/strong> \u0130lk saatlerde ulusal haber kanallar\u0131 ve yetkili kurumlar arac\u0131l\u0131\u011f\u0131yla deprem hakk\u0131nda   bilgi edinildi. Acil durum plan\u0131 devreye al\u0131nd\u0131 ve yard\u0131m faaliyetleri i\u00e7in gerekli koordinasyon sa\u011fland\u0131. Toplant\u0131 ve Karar Alma: Depremin ilk g\u00fcn\u00fcnde, \u0130\u015fletme yetkilileri ve departman sorumlular\u0131yla bir araya gelindi. Depremzedelere nas\u0131l ve ne \u015fekilde yard\u0131m edilece\u011fi konusunda kapsaml\u0131 bir de\u011ferlendirme yap\u0131ld\u0131 ve somut kararlar al\u0131nd\u0131. <br><br>     <strong>\u0130htiya\u00e7 Sahiplerine Ula\u015f\u0131m<\/strong>: Afat Mu\u011fla Sorumlusu ile irtibata ge\u00e7ilerek \u015firketin nakdi ve ayni yard\u0131mda bulunma iste\u011fi ve ayr\u0131lan b\u00fct\u00e7e payla\u015f\u0131ld\u0131. Mu\u011fla Valili\u011fi ve AFAD&#8217;\u0131n talimatlar\u0131 do\u011frultusunda ihtiya\u00e7 sahiplerine en h\u0131zl\u0131 \u015fekilde ula\u015f\u0131lmas\u0131 i\u00e7in planlama yap\u0131ld\u0131. \u0130lk Yard\u0131m T\u0131r\u0131: Deprem b\u00f6lgesinde en acil ihtiya\u00e7 olan temel g\u0131dalar, bir t\u0131r halinde Mu\u011fla Valili\u011fi ve AFAD&#8217;a ula\u015ft\u0131r\u0131ld\u0131.    <br><br>     <strong>Akaryak\u0131t Deste\u011fi:<\/strong> Deprem b\u00f6lgesine giden ve AFAD koordinasyonunda kullan\u0131lan ara\u00e7lara yard\u0131mc\u0131 olmak amac\u0131yla bir tanker akaryak\u0131t ba\u011f\u0131\u015f\u0131nda bulunuldu. \u0130htiya\u00e7 Listesine G\u00f6re Yard\u0131m T\u0131rlar\u0131: Mu\u011fla Valili\u011fi ve AFAD koordinasyon merkezine iletilen acil ihtiya\u00e7 listesinde yer alan g\u0131da, bebek mamas\u0131, \u00e7ocuk bezi, ila\u00e7, yatak, kefen, su deposu, elektrikli \u0131s\u0131t\u0131c\u0131 ve temizlik malzemeleri gibi temel ihtiya\u00e7 \u00fcr\u00fcnlerinden olu\u015fan t\u0131rlar b\u00f6lgeye g\u00f6nderildi.   <br> <br>     <strong>Nakdi Yard\u0131m: <\/strong>Depremzedelerin acil ihtiya\u00e7lar\u0131n\u0131n kar\u015f\u0131lanmas\u0131 i\u00e7in AFAD banka hesaplar\u0131na nakdi yard\u0131m yap\u0131ld\u0131.<br><br> <strong>Sonu\u00e7 ve Te\u015fekk\u00fcrler<\/strong>  <br>    \u015eirketimiz, Kahramanmara\u015f Depremi&#8217;nde g\u00f6stermi\u015f oldu\u011fu duyarl\u0131l\u0131k ve yard\u0131mseverlik ile \u00f6rnek bir davran\u0131\u015f sergilemi\u015ftir. Bu zor zamanda depremzedelere sa\u011flanan destekler, yaralar\u0131n sar\u0131lmas\u0131na ve b\u00f6lgedeki ihtiya\u00e7lar\u0131n kar\u015f\u0131lanmas\u0131na \u00f6nemli katk\u0131da bulunmu\u015ftur. \u015eirketimiz ad\u0131na, bu zor g\u00fcnlerde dayan\u0131\u015fma g\u00f6steren t\u00fcm yard\u0131msever ki\u015fi, kurum ve \u015firketlere ve bu anlaml\u0131 yard\u0131m faaliyetlerine katk\u0131da bulunan t\u00fcm \u00e7al\u0131\u015fanlar\u0131m\u0131za ve y\u00f6neticilerimize te\u015fekk\u00fcrlerimizi sunar\u0131z. <br><br><strong>Temenniler<\/strong>     <br>    Temennimiz, t\u00fcm insanl\u0131\u011f\u0131n bir daha b\u00f6yle bir felaket ile kar\u015f\u0131la\u015fmamas\u0131d\u0131r. Bu vesileyle hayatlar\u0131n\u0131 kaybeden vatanda\u015flar\u0131m\u0131za Allah&#8217;tan rahmet, yaral\u0131lara acil \u015fifalar dileriz. <\/p>\n<\/div><\/div>\n<\/div>\n<\/div>\n\n\n\n<hr class=\"wp-block-separator\"\/>\n\n\n\n<h2>GES<\/h2>\n\n\n\n<p>        Sosyal sorumluluk kapsam\u0131nda do\u011faya sayg\u0131 ve s\u00fcrd\u00fcr\u00fclebilir enerji kaynaklar\u0131n\u0131 verimli kullanmak i\u00e7in tesislerimizin elektrik ihtiya\u00e7lar\u0131n\u0131 g\u00fcne\u015f enerjisi elektrik \u00fcretim panelleri kurarak kar\u015f\u0131lamaktay\u0131z.<\/p>\n\n\n\n<figure class=\"wp-block-image size-large is-resized\"><img loading=\"lazy\" src=\"https:\/\/efecik.com.tr\/wp-content\/uploads\/2024\/07\/161-3.jpg\" alt=\"\" class=\"wp-image-746\" width=\"1269\" height=\"847\" srcset=\"https:\/\/efecik.com.tr\/wp-content\/uploads\/2024\/07\/161-3.jpg 1000w, https:\/\/efecik.com.tr\/wp-content\/uploads\/2024\/07\/161-3-300x200.jpg 300w, https:\/\/efecik.com.tr\/wp-content\/uploads\/2024\/07\/161-3-768x512.jpg 768w\" sizes=\"(max-width: 1269px) 100vw, 1269px\" \/><\/figure>\n\n\n\n<p><\/p>\n","protected":false},"excerpt":{"rendered":"<p>DEPREM B\u00d6LGES\u0130 YARDIMLARI GES Sosyal sorumluluk kapsam\u0131nda do\u011faya sayg\u0131 ve s\u00fcrd\u00fcr\u00fclebilir enerji kaynaklar\u0131n\u0131 verimli kullanmak i\u00e7in tesislerimizin elektrik ihtiya\u00e7lar\u0131n\u0131 g\u00fcne\u015f enerjisi elektrik \u00fcretim panelleri kurarak kar\u015f\u0131lamaktay\u0131z.<\/p>\n","protected":false},"author":1,"featured_media":0,"parent":0,"menu_order":0,"comment_status":"closed","ping_status":"closed","template":"","meta":[],"_links":{"self":[{"href":"https:\/\/efecik.com.tr\/index.php\/wp-json\/wp\/v2\/pages\/11"}],"collection":[{"href":"https:\/\/efecik.com.tr\/index.php\/wp-json\/wp\/v2\/pages"}],"about":[{"href":"https:\/\/efecik.com.tr\/index.php\/wp-json\/wp\/v2\/types\/page"}],"author":[{"embeddable":true,"href":"https:\/\/efecik.com.tr\/index.php\/wp-json\/wp\/v2\/users\/1"}],"replies":[{"embeddable":true,"href":"https:\/\/efecik.com.tr\/index.php\/wp-json\/wp\/v2\/comments?post=11"}],"version-history":[{"count":40,"href":"https:\/\/efecik.com.tr\/index.php\/wp-json\/wp\/v2\/pages\/11\/revisions"}],"predecessor-version":[{"id":933,"href":"https:\/\/efecik.com.tr\/index.php\/wp-json\/wp\/v2\/pages\/11\/revisions\/933"}],"wp:attachment":[{"href":"https:\/\/efecik.com.tr\/index.php\/wp-json\/wp\/v2\/media?parent=11"}],"curies":[{"name":"wp","href":"https:\/\/api.w.org\/{rel}","templated":true}]}}