{"id":42,"date":"2024-06-13T10:47:44","date_gmt":"2024-06-13T07:47:44","guid":{"rendered":"https:\/\/efecik.com.tr\/index.php\/brite\/"},"modified":"2025-07-11T17:00:48","modified_gmt":"2025-07-11T14:00:48","slug":"brite","status":"publish","type":"page","link":"https:\/\/efecik.com.tr\/","title":{"rendered":"Front Page"},"content":{"rendered":"<div data-colibri-id=\"42-c1\" class=\"style-193 style-local-42-c1 position-relative\">\n  <!---->\n  <div data-colibri-component=\"section\" data-colibri-id=\"42-c2\" id=\"about\" class=\"h-section h-section-global-spacing d-flex align-items-lg-center align-items-md-center align-items-center style-234 style-local-42-c2 position-relative\">\n    <!---->\n    <!---->\n    <div class=\"h-section-grid-container h-section-boxed-container\">\n      <!---->\n      <div data-colibri-id=\"42-c3\" class=\"h-row-container gutters-row-lg-2 gutters-row-md-2 gutters-row-2 gutters-row-v-lg-2 gutters-row-v-md-2 gutters-row-v-2 style-235 style-local-42-c3 position-relative\">\n        <!---->\n        <div class=\"h-row justify-content-lg-center justify-content-md-center justify-content-center align-items-lg-stretch align-items-md-stretch align-items-stretch gutters-col-lg-2 gutters-col-md-2 gutters-col-2 gutters-col-v-lg-2 gutters-col-v-md-2 gutters-col-v-2\">\n          <!---->\n          <div class=\"h-column h-column-container d-flex h-col-lg-auto h-col-md-auto h-col-auto style-236-outer style-local-42-c4-outer\">\n            <div data-colibri-id=\"42-c4\" class=\"d-flex h-flex-basis h-column__inner h-px-lg-2 h-px-md-2 h-px-2 v-inner-lg-2 v-inner-md-2 v-inner-2 style-236 style-local-42-c4 position-relative\">\n              <!---->\n              <!---->\n              <div class=\"w-100 h-y-container h-column__content h-column__v-align flex-basis-100 align-self-lg-center align-self-md-center align-self-center\">\n                <!---->\n                <div data-colibri-id=\"42-c5\" class=\"h-global-transition-all h-heading style-237 style-local-42-c5 position-relative h-element\">\n                  <!---->\n                  <div class=\"h-heading__outer style-237 style-local-42-c5\">\n                    <!---->\n                    <!---->\n                    <h3 class=\"\">ESIVENTURE<\/h3>\n                  <\/div>\n                <\/div>\n                <div data-colibri-id=\"42-c6\" class=\"h-global-transition-all h-heading style-238 style-local-42-c6 position-relative h-element\">\n                  <!---->\n                  <div class=\"h-heading__outer style-238 style-local-42-c6\">\n                    <!---->\n                    <!---->\n                    <h2 class=\"\">Yaz\u0131l\u0131mda \u00d6nc\u00fc<\/h2>\n                  <\/div>\n                <\/div>\n                <div data-colibri-id=\"42-c7\" class=\"h-text h-text-component style-239 style-local-42-c7 position-relative h-element\">\n                  <!---->\n                  <!---->\n                  <div class=\"\">\n                    <p><span style=\"font-weight: 400; font-size: 15px; font-family: &quot;Open Sans&quot;, Helvetica, Arial, sans-serif; color: rgb(119, 119, 119);\">Biz, ES\u0130 VENTURE olarak, hem kendi \u00fcretti\u011fimiz hizmetlerde hem de yat\u0131r\u0131m yapt\u0131\u011f\u0131m\u0131z projelerde teknolojiye odakland\u0131k. \u00dclkemizin giri\u015fimcilik ruhuna g\u00fcveniyor ve yurt i\u00e7i teknolojik giri\u015fimlere destek sa\u011flamaya devam ediyoruz.<\/span><\/p>\n                  <\/div>\n                <\/div>\n                <div data-colibri-id=\"42-c8\" class=\"h-x-container style-240 style-local-42-c8 position-relative h-element\">\n                  <!---->\n                  <div class=\"h-x-container-inner style-dynamic-42-c8-group style-240-spacing style-local-42-c8-spacing\"><span class=\"h-button__outer style-241-outer style-local-42-c9-outer d-inline-flex h-element\"><a h-use-smooth-scroll=\"true\" href=\"https:\/\/esiventure.com.tr\/\" target=\"_blank\" data-colibri-id=\"42-c9\" class=\"d-flex w-100 align-items-center h-button justify-content-lg-center justify-content-md-center justify-content-center style-241 style-local-42-c9 position-relative\" rel=\"noopener\"><!----><!----> <span>siteye git<\/span><\/a>\n                    <\/span>\n                  <\/div>\n                <\/div>\n              <\/div>\n            <\/div>\n          <\/div>\n          <div class=\"h-column h-column-container d-flex h-col-lg-auto h-col-md-auto h-col-auto style-242-outer style-local-42-c10-outer\">\n            <div data-colibri-id=\"42-c10\" class=\"d-flex h-flex-basis h-column__inner h-px-lg-2 h-px-md-2 h-px-2 v-inner-lg-2 v-inner-md-2 v-inner-2 style-242 style-local-42-c10 position-relative\">\n              <!---->\n              <!---->\n              <div class=\"w-100 h-y-container h-column__content h-column__v-align flex-basis-100 align-self-lg-center align-self-md-center align-self-center\">\n                <!---->\n                <div data-colibri-id=\"42-c11\" class=\"d-block style-243 style-local-42-c11 position-relative h-element\">\n                  <!---->\n                  <div class=\"h-image__frame-container-outer\">\n                    <div class=\"h-image__frame-container\">\n                      <!---->\n                      <!---->\n                      <img loading=\"lazy\" width=\"1367\" height=\"896\" src=\"https:\/\/efecik.com.tr\/wp-content\/uploads\/2024\/07\/esiventire.jpg\" class=\"wp-image-661 style-243-image style-local-42-c11-image\" srcset=\"https:\/\/efecik.com.tr\/wp-content\/uploads\/2024\/07\/esiventire.jpg 1367w, https:\/\/efecik.com.tr\/wp-content\/uploads\/2024\/07\/esiventire-300x197.jpg 300w, https:\/\/efecik.com.tr\/wp-content\/uploads\/2024\/07\/esiventire-1024x671.jpg 1024w, https:\/\/efecik.com.tr\/wp-content\/uploads\/2024\/07\/esiventire-768x503.jpg 768w\" sizes=\"(max-width: 1367px) 100vw, 1367px\" alt=\"\" \/>\n                      <div class=\"h-image__frame h-hide-sm style-243-frameImage style-local-42-c11-frameImage\"><\/div>\n                    <\/div>\n                  <\/div>\n                <\/div>\n              <\/div>\n            <\/div>\n          <\/div>\n        <\/div>\n      <\/div>\n    <\/div>\n  <\/div>\n  <div data-colibri-component=\"section\" data-colibri-id=\"42-c16\" id=\"about-2\" class=\"h-section h-section-global-spacing d-flex align-items-lg-center align-items-md-center align-items-center style-248 style-local-42-c16 position-relative\">\n    <!---->\n    <!---->\n    <div class=\"h-section-grid-container h-section-boxed-container\">\n      <!---->\n      <div data-colibri-id=\"42-c17\" class=\"h-row-container gutters-row-lg-2 gutters-row-md-2 gutters-row-2 gutters-row-v-lg-2 gutters-row-v-md-2 gutters-row-v-2 style-249 style-local-42-c17 position-relative\">\n        <!---->\n        <div class=\"h-row justify-content-lg-center justify-content-md-center justify-content-center align-items-lg-stretch align-items-md-stretch align-items-stretch gutters-col-lg-2 gutters-col-md-2 gutters-col-2 gutters-col-v-lg-2 gutters-col-v-md-2 gutters-col-v-2\">\n          <!---->\n          <div class=\"h-column h-column-container d-flex h-col-lg-auto h-col-md-auto h-col-auto style-250-outer style-local-42-c18-outer\">\n            <div data-colibri-id=\"42-c18\" class=\"d-flex h-flex-basis h-column__inner h-px-lg-2 h-px-md-2 h-px-2 v-inner-lg-2 v-inner-md-2 v-inner-2 style-250 style-local-42-c18 position-relative\">\n              <!---->\n              <!---->\n              <div class=\"w-100 h-y-container h-column__content h-column__v-align flex-basis-100 align-self-lg-center align-self-md-center align-self-center\">\n                <!---->\n                <div data-colibri-id=\"42-c19\" class=\"h-global-transition-all h-heading style-251 style-local-42-c19 position-relative h-element\">\n                  <!---->\n                  <div class=\"h-heading__outer style-251 style-local-42-c19\">\n                    <!---->\n                    <!---->\n                    <h3 class=\"\">ROZ\u0130 TUR\u0130ZM<\/h3>\n                  <\/div>\n                <\/div>\n                <div data-colibri-id=\"42-c20\" class=\"h-global-transition-all h-heading style-252 style-local-42-c20 position-relative h-element\">\n                  <!---->\n                  <div class=\"h-heading__outer style-252 style-local-42-c20\">\n                    <!---->\n                    <!---->\n                    <h2 class=\"\">Hayat\u0131n\u0131za de\u011fer katar<\/h2>\n                  <\/div>\n                <\/div>\n                <div data-colibri-id=\"42-c21\" class=\"h-text h-text-component style-253 style-local-42-c21 position-relative h-element\">\n                  <!---->\n                  <!---->\n                  <div class=\"\">\n                    <p><span style=\"font-weight: 400; font-size: 16px; font-family: &quot;Open Sans&quot;; color: rgb(102, 102, 102);\">1995 y\u0131l\u0131nda melek efecik taraf\u0131ndan kurulan rozi turizm Marmaris in d\u00fcnyaca bilinilirli\u011finin artmaya ba\u015flad\u0131\u011f\u0131 d\u00f6nemde rosy apart ile konaklama sekt\u00f6r\u00fcne giri\u015f yapm\u0131\u015ft\u0131r. Rosy apart m\u00fc\u015fteri memnuniyeti odakl\u0131 hizmet anlay\u0131\u015f\u0131yla konaklama sekt\u00f6r\u00fcnde \u00f6nc\u00fc bir rol \u00fcstlenmi\u015fti. DEVAM EDEN YILLARDA FAAL\u0130YET ALANLARINA seyahat acenta hizmetleri gayrimenkul kiralama g\u00fcnl\u00fck turlar\u0131 eklemi\u015ftir.<\/span>.<\/p>\n                  <\/div>\n                <\/div>\n                <div data-colibri-id=\"42-c22\" class=\"h-x-container style-254 style-local-42-c22 position-relative h-element\">\n                  <!---->\n                  <div class=\"h-x-container-inner style-dynamic-42-c22-group style-254-spacing style-local-42-c22-spacing\"><span class=\"h-button__outer style-255-outer style-local-42-c23-outer d-inline-flex h-element\"><a h-use-smooth-scroll=\"true\" href=\"https:\/\/roziturizm.com\/\" target=\"_blank\" data-colibri-id=\"42-c23\" class=\"d-flex w-100 align-items-center h-button justify-content-lg-center justify-content-md-center justify-content-center style-255 style-local-42-c23 position-relative\" rel=\"noopener\"><!----><!----> <span>siteye git<\/span><\/a>\n                    <\/span>\n                  <\/div>\n                <\/div>\n              <\/div>\n            <\/div>\n          <\/div>\n          <div class=\"h-column h-column-container d-flex h-col-lg-auto h-col-md-auto h-col-auto style-256-outer style-local-42-c24-outer\">\n            <div data-colibri-id=\"42-c24\" class=\"d-flex h-flex-basis h-column__inner h-px-lg-2 h-px-md-2 h-px-2 v-inner-lg-2 v-inner-md-2 v-inner-2 style-256 style-local-42-c24 position-relative\">\n              <!---->\n              <!---->\n              <div class=\"w-100 h-y-container h-column__content h-column__v-align flex-basis-100 align-self-lg-center align-self-md-center align-self-center\">\n                <!---->\n                <div data-colibri-id=\"42-c25\" class=\"d-block style-257 style-local-42-c25 position-relative h-element\">\n                  <!---->\n                  <div class=\"h-image__frame-container-outer\">\n                    <div class=\"h-image__frame-container\">\n                      <!---->\n                      <!---->\n                      <img loading=\"lazy\" width=\"839\" height=\"839\" src=\"https:\/\/efecik.com.tr\/wp-content\/uploads\/2024\/07\/cropped-ROZITURIZM.jpg\" class=\"wp-image-664 style-257-image style-local-42-c25-image\" srcset=\"https:\/\/efecik.com.tr\/wp-content\/uploads\/2024\/07\/cropped-ROZITURIZM.jpg 839w, https:\/\/efecik.com.tr\/wp-content\/uploads\/2024\/07\/cropped-ROZITURIZM-300x300.jpg 300w, https:\/\/efecik.com.tr\/wp-content\/uploads\/2024\/07\/cropped-ROZITURIZM-150x150.jpg 150w, https:\/\/efecik.com.tr\/wp-content\/uploads\/2024\/07\/cropped-ROZITURIZM-768x768.jpg 768w\" sizes=\"(max-width: 839px) 100vw, 839px\" alt=\"\" \/>\n                      <div class=\"h-image__frame h-hide-sm style-257-frameImage style-local-42-c25-frameImage\"><\/div>\n                    <\/div>\n                  <\/div>\n                <\/div>\n              <\/div>\n            <\/div>\n          <\/div>\n        <\/div>\n      <\/div>\n    <\/div>\n  <\/div>\n  <div data-colibri-component=\"section\" data-colibri-id=\"42-c26\" id=\"about-4\" class=\"h-section h-section-global-spacing d-flex align-items-lg-center align-items-md-center align-items-center style-268 style-local-42-c26 position-relative\">\n    <!---->\n    <!---->\n    <div class=\"h-section-grid-container h-section-boxed-container\">\n      <!---->\n      <div data-colibri-id=\"42-c27\" class=\"h-row-container gutters-row-lg-2 gutters-row-md-2 gutters-row-2 gutters-row-v-lg-2 gutters-row-v-md-2 gutters-row-v-2 style-269 style-local-42-c27 position-relative\">\n        <!---->\n        <div class=\"h-row justify-content-lg-center justify-content-md-center justify-content-center align-items-lg-stretch align-items-md-stretch align-items-stretch gutters-col-lg-2 gutters-col-md-2 gutters-col-2 gutters-col-v-lg-2 gutters-col-v-md-2 gutters-col-v-2\">\n          <!---->\n          <div class=\"h-column h-column-container d-flex h-col-lg-auto h-col-md-auto h-col-auto style-270-outer style-local-42-c28-outer\">\n            <div data-colibri-id=\"42-c28\" class=\"d-flex h-flex-basis h-column__inner h-px-lg-2 h-px-md-2 h-px-2 v-inner-lg-2 v-inner-md-2 v-inner-2 style-270 style-local-42-c28 position-relative\">\n              <!---->\n              <!---->\n              <div class=\"w-100 h-y-container h-column__content h-column__v-align flex-basis-100 align-self-lg-center align-self-md-center align-self-center\">\n                <!---->\n                <div data-colibri-id=\"42-c29\" class=\"h-global-transition-all h-heading style-271 style-local-42-c29 position-relative h-element\">\n                  <!---->\n                  <div class=\"h-heading__outer style-271 style-local-42-c29\">\n                    <!---->\n                    <!---->\n                    <h5 class=\"\">MGE AKARYAKIT<\/h5>\n                  <\/div>\n                <\/div>\n                <div data-colibri-id=\"42-c30\" class=\"h-global-transition-all h-heading style-272 style-local-42-c30 position-relative h-element\">\n                  <!---->\n                  <div class=\"h-heading__outer style-272 style-local-42-c30\">\n                    <!---->\n                    <!---->\n                    <h2 class=\"\">MGE GRUP OLARAK FAAL\u0130YET VERD\u0130\u011e\u0130M\u0130Z SEKT\u00d6RLER&#8230;<\/h2>\n                  <\/div>\n                <\/div>\n                <div data-colibri-id=\"42-c31\" class=\"h-text h-text-component style-273 style-local-42-c31 position-relative h-element\">\n                  <!---->\n                  <!---->\n                  <div class=\"\">\n                    <p><span style=\"font-weight: 400; font-size: 16px; font-family: &quot;Open Sans&quot;; color: rgb(102, 102, 102);\">\u015eirketimiz; akaryak\u0131t, nakliye, turizm ve in\u015faat sekt\u00f6rlerinde faaliyet g\u00f6stermekle birlikte ana faaliyet kolumuz, Toptan ve Perakende Akaryak\u0131t sat\u0131\u015f i\u015fletmecili\u011fidir.<\/span>\n                      <br><span style=\"font-weight: 400; font-size: 16px; font-family: &quot;Open Sans&quot;; color: rgb(102, 102, 102);\">2006 y\u0131l\u0131ndan g\u00fcn\u00fcm\u00fcze&nbsp;akaryak\u0131t&nbsp;sekt\u00f6r\u00fcnde faaliyet g\u00f6steren \u015firketimizin ad\u0131na kay\u0131tl\u0131 Mu\u011fla \u2013 Bay\u0131r\u2019da SHELL Akaryak\u0131t \u0130stasyonu, Mu\u011fla \u2013 Mente\u015fe\u2019de BP Akaryak\u0131t \u0130stasyonu Burdur \u2013 \u00c7eltek\u2019te TOTAL Akaryak\u0131t \u0130stasyonu, U\u015fak E\u015fmede Aytemiz Akaryak\u0131t istasyonu bulunmaktad\u0131r. \u0130stasyonlar\u0131m\u0131zda Toptan ve Perakende akaryak\u0131t sat\u0131\u015flar\u0131 yap\u0131lmaktad\u0131r.<\/span><\/p>\n                  <\/div>\n                <\/div>\n                <div data-colibri-id=\"42-c32\" class=\"h-x-container style-274 style-local-42-c32 position-relative h-element\">\n                  <!---->\n                  <div class=\"h-x-container-inner style-dynamic-42-c32-group style-274-spacing style-local-42-c32-spacing\"><span class=\"h-button__outer style-275-outer style-local-42-c33-outer d-inline-flex h-element\"><a h-use-smooth-scroll=\"true\" href=\"https:\/\/mgeakaryakit.com\/\" target=\"_blank\" data-colibri-id=\"42-c33\" class=\"d-flex w-100 align-items-center h-button justify-content-lg-center justify-content-md-center justify-content-center style-275 style-local-42-c33 position-relative\" rel=\"noopener\"><!----><!----> <span>S\u0130TEYE G\u0130T<\/span><\/a>\n                    <\/span>\n                  <\/div>\n                <\/div>\n              <\/div>\n            <\/div>\n          <\/div>\n          <div class=\"h-column h-column-container d-flex h-col-lg-auto h-col-md-auto h-col-auto style-276-outer style-local-42-c34-outer\">\n            <div data-colibri-id=\"42-c34\" class=\"d-flex h-flex-basis h-column__inner h-px-lg-2 h-px-md-2 h-px-2 v-inner-lg-2 v-inner-md-2 v-inner-2 style-276 style-local-42-c34 position-relative\">\n              <!---->\n              <!---->\n              <div class=\"w-100 h-y-container h-column__content h-column__v-align flex-basis-100 align-self-lg-center align-self-md-center align-self-center\">\n                <!---->\n                <div data-colibri-id=\"42-c35\" class=\"d-block style-277 style-local-42-c35 position-relative h-element\">\n                  <!---->\n                  <div class=\"h-image__frame-container-outer\">\n                    <div class=\"h-image__frame-container\">\n                      <!---->\n                      <!---->\n                      <img loading=\"lazy\" width=\"768\" height=\"758\" src=\"https:\/\/efecik.com.tr\/wp-content\/uploads\/2024\/07\/cropped-MGEAK-1.jpg\" class=\"wp-image-666 style-277-image style-local-42-c35-image\" srcset=\"https:\/\/efecik.com.tr\/wp-content\/uploads\/2024\/07\/cropped-MGEAK-1.jpg 768w, https:\/\/efecik.com.tr\/wp-content\/uploads\/2024\/07\/cropped-MGEAK-1-300x296.jpg 300w\" sizes=\"(max-width: 768px) 100vw, 768px\" alt=\"\" \/>\n                      <div class=\"h-image__frame h-hide-sm style-277-frameImage style-local-42-c35-frameImage\"><\/div>\n                    <\/div>\n                  <\/div>\n                <\/div>\n              <\/div>\n            <\/div>\n          <\/div>\n        <\/div>\n      <\/div>\n    <\/div>\n  <\/div>\n<\/div>","protected":false},"excerpt":{"rendered":"<p>ESIVENTURE Yaz\u0131l\u0131mda \u00d6nc\u00fc Biz, ES\u0130 VENTURE olarak, hem kendi \u00fcretti\u011fimiz hizmetlerde hem de yat\u0131r\u0131m yapt\u0131\u011f\u0131m\u0131z projelerde teknolojiye odakland\u0131k. \u00dclkemizin giri\u015fimcilik ruhuna g\u00fcveniyor ve yurt i\u00e7i teknolojik giri\u015fimlere destek sa\u011flamaya devam ediyoruz. siteye git ROZ\u0130 TUR\u0130ZM Hayat\u0131n\u0131za de\u011fer katar 1995 y\u0131l\u0131nda melek efecik taraf\u0131ndan kurulan rozi turizm Marmaris in d\u00fcnyaca bilinilirli\u011finin artmaya ba\u015flad\u0131\u011f\u0131 d\u00f6nemde rosy apart [&hellip;]<\/p>\n","protected":false},"author":1,"featured_media":0,"parent":0,"menu_order":0,"comment_status":"closed","ping_status":"closed","template":"page-templates\/homepage.php","meta":[],"_links":{"self":[{"href":"https:\/\/efecik.com.tr\/index.php\/wp-json\/wp\/v2\/pages\/42"}],"collection":[{"href":"https:\/\/efecik.com.tr\/index.php\/wp-json\/wp\/v2\/pages"}],"about":[{"href":"https:\/\/efecik.com.tr\/index.php\/wp-json\/wp\/v2\/types\/page"}],"author":[{"embeddable":true,"href":"https:\/\/efecik.com.tr\/index.php\/wp-json\/wp\/v2\/users\/1"}],"replies":[{"embeddable":true,"href":"https:\/\/efecik.com.tr\/index.php\/wp-json\/wp\/v2\/comments?post=42"}],"version-history":[{"count":20,"href":"https:\/\/efecik.com.tr\/index.php\/wp-json\/wp\/v2\/pages\/42\/revisions"}],"predecessor-version":[{"id":994,"href":"https:\/\/efecik.com.tr\/index.php\/wp-json\/wp\/v2\/pages\/42\/revisions\/994"}],"wp:attachment":[{"href":"https:\/\/efecik.com.tr\/index.php\/wp-json\/wp\/v2\/media?parent=42"}],"curies":[{"name":"wp","href":"https:\/\/api.w.org\/{rel}","templated":true}]}}