{"id":450,"date":"2024-07-01T13:02:46","date_gmt":"2024-07-01T10:02:46","guid":{"rendered":"https:\/\/efecik.com.tr\/?page_id=450"},"modified":"2024-08-02T14:33:28","modified_gmt":"2024-08-02T11:33:28","slug":"baskanin-mesaji","status":"publish","type":"page","link":"https:\/\/efecik.com.tr\/index.php\/baskanin-mesaji\/","title":{"rendered":"BA\u015eKANIN MESAJI"},"content":{"rendered":"\n<figure class=\"wp-block-image size-large is-resized\"><img loading=\"lazy\" src=\"https:\/\/efecik.com.tr\/wp-content\/uploads\/2024\/08\/WhatsApp-Image-2024-08-02-at-14.27.21-scaled-e1722598195432-1024x764.jpeg\" alt=\"\" class=\"wp-image-914\" width=\"728\" height=\"542\" srcset=\"https:\/\/efecik.com.tr\/wp-content\/uploads\/2024\/08\/WhatsApp-Image-2024-08-02-at-14.27.21-scaled-e1722598195432-1024x764.jpeg 1024w, https:\/\/efecik.com.tr\/wp-content\/uploads\/2024\/08\/WhatsApp-Image-2024-08-02-at-14.27.21-scaled-e1722598195432-300x224.jpeg 300w, https:\/\/efecik.com.tr\/wp-content\/uploads\/2024\/08\/WhatsApp-Image-2024-08-02-at-14.27.21-scaled-e1722598195432-768x573.jpeg 768w, https:\/\/efecik.com.tr\/wp-content\/uploads\/2024\/08\/WhatsApp-Image-2024-08-02-at-14.27.21-scaled-e1722598195432-1536x1146.jpeg 1536w, https:\/\/efecik.com.tr\/wp-content\/uploads\/2024\/08\/WhatsApp-Image-2024-08-02-at-14.27.21-scaled-e1722598195432.jpeg 1664w\" sizes=\"(max-width: 728px) 100vw, 728px\" \/><\/figure>\n\n\n\n<p>De\u011ferli Ziyaret\u00e7ilerimiz,<\/p>\n\n\n\n<p>Efecik Grup olarak, kuruldu\u011fumuz g\u00fcnden bu yana, her zaman yenilik\u00e7i ve m\u00fc\u015fteri odakl\u0131 bir yakla\u015f\u0131m benimsedik. Farkl\u0131 sekt\u00f6rlerde faaliyet g\u00f6steren \u015firketlerimizle, kaliteli hizmet sunman\u0131n ve s\u00fcrd\u00fcr\u00fclebilir b\u00fcy\u00fcmeyi sa\u011flaman\u0131n gururunu ya\u015f\u0131yoruz.<\/p>\n\n\n\n<p>Akaryak\u0131t d\u00fcnyas\u0131nda ki rekabet\u00e7i ve kuvvetli yap\u0131m\u0131z gayrimenkul sekt\u00f6r\u00fcndeki liderli\u011fimiz, teknoloji ve finans alan\u0131ndaki yenilik\u00e7i \u00e7\u00f6z\u00fcmlerimiz ve turizm sekt\u00f6r\u00fcndeki geni\u015f hizmet yelpazemizle, \u00fclkemize de\u011fer katmay\u0131 ve global arenada rekabet edebilir projeler geli\u015ftirmeyi hedefliyoruz.<br>Gelecekte de ayn\u0131 kararl\u0131l\u0131kla, s\u00fcrd\u00fcr\u00fclebilir ve yenilik\u00e7i projelere imza atarak, \u00fclkemizin kalk\u0131nmas\u0131na katk\u0131 sa\u011flamaya devam edece\u011fiz. Bizleri tercih eden ve destekleyen t\u00fcm m\u00fc\u015fterilerimize ve i\u015f ortaklar\u0131m\u0131za te\u015fekk\u00fcr eder, sizleri de Efecik Grup ailesinin bir par\u00e7as\u0131 olmaya davet ederim.<br>Sayg\u0131lar\u0131mla,<br><em>Muhammet Efecik<\/em><br>Efecik Grup Ba\u015fkan\u0131<\/p>\n","protected":false},"excerpt":{"rendered":"<p>De\u011ferli Ziyaret\u00e7ilerimiz, Efecik Grup olarak, kuruldu\u011fumuz g\u00fcnden bu yana, her zaman yenilik\u00e7i ve m\u00fc\u015fteri odakl\u0131 bir yakla\u015f\u0131m benimsedik. Farkl\u0131 sekt\u00f6rlerde faaliyet g\u00f6steren \u015firketlerimizle, kaliteli hizmet sunman\u0131n ve s\u00fcrd\u00fcr\u00fclebilir b\u00fcy\u00fcmeyi sa\u011flaman\u0131n gururunu ya\u015f\u0131yoruz. Akaryak\u0131t d\u00fcnyas\u0131nda ki rekabet\u00e7i ve kuvvetli yap\u0131m\u0131z gayrimenkul sekt\u00f6r\u00fcndeki liderli\u011fimiz, teknoloji ve finans alan\u0131ndaki yenilik\u00e7i \u00e7\u00f6z\u00fcmlerimiz ve turizm sekt\u00f6r\u00fcndeki geni\u015f hizmet yelpazemizle, \u00fclkemize [&hellip;]<\/p>\n","protected":false},"author":1,"featured_media":0,"parent":0,"menu_order":0,"comment_status":"closed","ping_status":"closed","template":"","meta":[],"_links":{"self":[{"href":"https:\/\/efecik.com.tr\/index.php\/wp-json\/wp\/v2\/pages\/450"}],"collection":[{"href":"https:\/\/efecik.com.tr\/index.php\/wp-json\/wp\/v2\/pages"}],"about":[{"href":"https:\/\/efecik.com.tr\/index.php\/wp-json\/wp\/v2\/types\/page"}],"author":[{"embeddable":true,"href":"https:\/\/efecik.com.tr\/index.php\/wp-json\/wp\/v2\/users\/1"}],"replies":[{"embeddable":true,"href":"https:\/\/efecik.com.tr\/index.php\/wp-json\/wp\/v2\/comments?post=450"}],"version-history":[{"count":4,"href":"https:\/\/efecik.com.tr\/index.php\/wp-json\/wp\/v2\/pages\/450\/revisions"}],"predecessor-version":[{"id":916,"href":"https:\/\/efecik.com.tr\/index.php\/wp-json\/wp\/v2\/pages\/450\/revisions\/916"}],"wp:attachment":[{"href":"https:\/\/efecik.com.tr\/index.php\/wp-json\/wp\/v2\/media?parent=450"}],"curies":[{"name":"wp","href":"https:\/\/api.w.org\/{rel}","templated":true}]}}