{"id":8,"date":"2024-06-12T21:04:05","date_gmt":"2024-06-12T18:04:05","guid":{"rendered":"https:\/\/efecik.com.tr\/?page_id=8"},"modified":"2024-07-23T14:28:09","modified_gmt":"2024-07-23T11:28:09","slug":"faaliyetler","status":"publish","type":"page","link":"https:\/\/efecik.com.tr\/index.php\/faaliyetler\/","title":{"rendered":"FAAL\u0130YETLER"},"content":{"rendered":"\n<h2>ROSY APART<\/h2>\n\n\n\n<figure class=\"wp-block-image size-large is-resized\"><img loading=\"lazy\" src=\"https:\/\/efecik.com.tr\/wp-content\/uploads\/2024\/07\/ROSYi-1.jpg\" alt=\"\" class=\"wp-image-696\" width=\"1000\" height=\"622\" srcset=\"https:\/\/efecik.com.tr\/wp-content\/uploads\/2024\/07\/ROSYi-1.jpg 1000w, https:\/\/efecik.com.tr\/wp-content\/uploads\/2024\/07\/ROSYi-1-300x187.jpg 300w, https:\/\/efecik.com.tr\/wp-content\/uploads\/2024\/07\/ROSYi-1-768x478.jpg 768w\" sizes=\"(max-width: 1000px) 100vw, 1000px\" \/><\/figure>\n\n\n\n<hr class=\"wp-block-separator\"\/>\n\n\n\n<h2><br>HUGE TRAVEL<\/h2>\n\n\n\n<figure class=\"wp-block-image size-large is-resized\"><img loading=\"lazy\" src=\"https:\/\/efecik.com.tr\/wp-content\/uploads\/2024\/07\/beautiful-girl-standing-boat-looking-mountains-ratchaprapha-dam-khao-sok-national-park-surat-thani-province-thailand-1-1024x683.jpg\" alt=\"\" class=\"wp-image-697\" width=\"1000\" height=\"622\"\/><\/figure>\n\n\n\n<hr class=\"wp-block-separator\"\/>\n\n\n\n<h2><br>HUGE HOMES<\/h2>\n\n\n\n<figure class=\"wp-block-image size-large is-resized\"><img loading=\"lazy\" src=\"https:\/\/efecik.com.tr\/wp-content\/uploads\/2024\/07\/WhatsApp-Image-2024-06-12-at-12.47.25-1024x682.jpeg\" alt=\"\" class=\"wp-image-700\" width=\"1000\" height=\"622\"\/><\/figure>\n\n\n\n<hr class=\"wp-block-separator\"\/>\n\n\n\n<h2><br>G\u0130D\u0130YORUM.COM<\/h2>\n\n\n\n<figure class=\"wp-block-image size-large is-resized\"><img loading=\"lazy\" src=\"https:\/\/efecik.com.tr\/wp-content\/uploads\/2024\/07\/Ekran-Alintisi-3-1024x306.png\" alt=\"\" class=\"wp-image-703\" width=\"1000\" height=\"230\"\/><\/figure>\n\n\n\n<hr class=\"wp-block-separator\"\/>\n\n\n\n<h2><br>SHELL<\/h2>\n\n\n\n<figure class=\"wp-block-image size-large is-resized\"><img loading=\"lazy\" src=\"https:\/\/efecik.com.tr\/wp-content\/uploads\/2024\/07\/bayir-2.jpg\" alt=\"\" class=\"wp-image-705\" width=\"1000\" height=\"622\"\/><\/figure>\n\n\n\n<hr class=\"wp-block-separator\"\/>\n\n\n\n<h2><br>BP<\/h2>\n\n\n\n<figure class=\"wp-block-image size-large is-resized\"><img loading=\"lazy\" src=\"https:\/\/efecik.com.tr\/wp-content\/uploads\/2024\/07\/bp-1.jpg\" alt=\"\" class=\"wp-image-706\" width=\"1000\" height=\"622\"\/><\/figure>\n\n\n\n<hr class=\"wp-block-separator\"\/>\n\n\n\n<h2><br>TOTAL<\/h2>\n\n\n\n<figure class=\"wp-block-image size-large is-resized\"><img loading=\"lazy\" src=\"https:\/\/efecik.com.tr\/wp-content\/uploads\/2024\/07\/burdur-2.jpg\" alt=\"\" class=\"wp-image-707\" width=\"1000\" height=\"622\"\/><\/figure>\n\n\n\n<hr class=\"wp-block-separator\"\/>\n\n\n\n<h2><br>AYTEM\u0130Z<\/h2>\n\n\n\n<figure class=\"wp-block-image size-large is-resized\"><img loading=\"lazy\" src=\"https:\/\/www.aytemiz.com.tr\/images\/default-source\/FotoGaleri\/istasyonv23a02b139a0d46fc08686ff00008202d7.jpg?sfvrsn=6ed6de2e_2\" alt=\"\" width=\"1000\" height=\"622\"\/><\/figure>\n\n\n\n<hr class=\"wp-block-separator\"\/>\n\n\n\n<h2>ARA\u00c7 F\u0130LOMUZ<\/h2>\n\n\n\n<figure class=\"wp-block-image size-large is-resized\"><img loading=\"lazy\" src=\"https:\/\/efecik.com.tr\/wp-content\/uploads\/2024\/07\/23416-1024x683.jpg\" alt=\"\" class=\"wp-image-708\" width=\"1000\" height=\"622\"\/><\/figure>\n\n\n\n<hr class=\"wp-block-separator\"\/>\n\n\n\n<h2><br>TOPTAN PARAKENDE TTS<\/h2>\n\n\n\n<figure class=\"wp-block-image size-large is-resized\"><img loading=\"lazy\" src=\"https:\/\/efecik.com.tr\/wp-content\/uploads\/2024\/07\/113245-1.jpg\" alt=\"\" class=\"wp-image-713\" width=\"1000\" height=\"622\"\/><\/figure>\n\n\n\n<hr class=\"wp-block-separator\"\/>\n\n\n\n<h2>ROSY HOTEL<\/h2>\n\n\n\n<figure class=\"wp-block-image size-large is-resized\"><img loading=\"lazy\" src=\"https:\/\/efecik.com.tr\/wp-content\/uploads\/2024\/07\/hotel.jpg\" alt=\"\" class=\"wp-image-762\" width=\"1000\" height=\"622\"\/><\/figure>\n\n\n\n<hr class=\"wp-block-separator\"\/>\n\n\n\n<h2><br>\u0130N\u015eAAT ve GAYR\u0130MENKUL<\/h2>\n\n\n\n<figure class=\"wp-block-image size-large is-resized\"><img loading=\"lazy\" src=\"https:\/\/efecik.com.tr\/wp-content\/uploads\/2024\/07\/170.jpg\" alt=\"\" class=\"wp-image-369\" width=\"1000\" height=\"622\"\/><\/figure>\n\n\n\n<hr class=\"wp-block-separator\"\/>\n\n\n\n<h3>G\u0130R\u0130\u015e\u0130M SERMAYES\u0130 VE YAZILIM \u0130\u015e KOLLARI<\/h3>\n\n\n\n<figure class=\"wp-block-image size-large is-resized\"><img src=\"https:\/\/efecik.com.tr\/wp-content\/uploads\/2024\/07\/1384-1.jpg\" alt=\"\" class=\"wp-image-711\" height=\"622\" srcset=\"https:\/\/efecik.com.tr\/wp-content\/uploads\/2024\/07\/1384-1.jpg 1000w, https:\/\/efecik.com.tr\/wp-content\/uploads\/2024\/07\/1384-1-300x200.jpg 300w, https:\/\/efecik.com.tr\/wp-content\/uploads\/2024\/07\/1384-1-768x512.jpg 768w\" sizes=\"(max-width: 1000px) 100vw, 1000px\" \/><\/figure>\n\n\n\n<h4><\/h4>\n\n\n\n<p><\/p>\n","protected":false},"excerpt":{"rendered":"<p>ROSY APART HUGE TRAVEL HUGE HOMES G\u0130D\u0130YORUM.COM SHELL BP TOTAL AYTEM\u0130Z ARA\u00c7 F\u0130LOMUZ TOPTAN PARAKENDE TTS ROSY HOTEL \u0130N\u015eAAT ve GAYR\u0130MENKUL G\u0130R\u0130\u015e\u0130M SERMAYES\u0130 VE YAZILIM \u0130\u015e KOLLARI<\/p>\n","protected":false},"author":1,"featured_media":0,"parent":0,"menu_order":0,"comment_status":"closed","ping_status":"closed","template":"","meta":[],"_links":{"self":[{"href":"https:\/\/efecik.com.tr\/index.php\/wp-json\/wp\/v2\/pages\/8"}],"collection":[{"href":"https:\/\/efecik.com.tr\/index.php\/wp-json\/wp\/v2\/pages"}],"about":[{"href":"https:\/\/efecik.com.tr\/index.php\/wp-json\/wp\/v2\/types\/page"}],"author":[{"embeddable":true,"href":"https:\/\/efecik.com.tr\/index.php\/wp-json\/wp\/v2\/users\/1"}],"replies":[{"embeddable":true,"href":"https:\/\/efecik.com.tr\/index.php\/wp-json\/wp\/v2\/comments?post=8"}],"version-history":[{"count":45,"href":"https:\/\/efecik.com.tr\/index.php\/wp-json\/wp\/v2\/pages\/8\/revisions"}],"predecessor-version":[{"id":764,"href":"https:\/\/efecik.com.tr\/index.php\/wp-json\/wp\/v2\/pages\/8\/revisions\/764"}],"wp:attachment":[{"href":"https:\/\/efecik.com.tr\/index.php\/wp-json\/wp\/v2\/media?parent=8"}],"curies":[{"name":"wp","href":"https:\/\/api.w.org\/{rel}","templated":true}]}}