{"id":943,"date":"2024-09-26T09:48:01","date_gmt":"2024-09-26T06:48:01","guid":{"rendered":"https:\/\/efecik.com.tr\/?page_id=943"},"modified":"2024-09-26T09:51:55","modified_gmt":"2024-09-26T06:51:55","slug":"biz-kimiz","status":"publish","type":"page","link":"https:\/\/efecik.com.tr\/index.php\/biz-kimiz\/","title":{"rendered":"B\u0130Z K\u0130M\u0130Z ?"},"content":{"rendered":"\n<p>Efecik Grup, farkl\u0131 sekt\u00f6rlerde faaliyet g\u00f6steren modern ve dinamik bir yap\u0131 olarak, 1968 y\u0131l\u0131nda Muhammet Efecik taraf\u0131ndan yeni \u00e7\u00f6z\u00fcmler sunma misyonu ile ticari hayat\u0131na ba\u015flam\u0131\u015ft\u0131r. Grup b\u00fcnyesinde akaryak\u0131t gayrimenkul, in\u015faat, teknoloji, turizm ve finans alanlar\u0131nda faaliyet g\u00f6steren \u015firketler yer almaktad\u0131r. Her bir \u015firketimiz, kendi alan\u0131nda uzman kadrosu ve ileri teknolojiyi kullanarak, m\u00fc\u015fterilerimize en y\u00fcksek kalitede hizmet sunmay\u0131 hedeflemektedir.<\/p>\n\n\n\n<p>Grubumuzun akaryak\u0131t sekt\u00f6r\u00fcndeki \u00f6nde gelen firmas\u0131 mge akaryak\u0131t akaryak\u0131t \u00fcr\u00fcnleri ile m\u00fc\u015fterilemize g\u00fcvenli ve s\u00fcrd\u00fcr\u00fclebilir enerji \u00e7\u00f6z\u00fcmleri sunuyor, in\u015faat sekt\u00f6r\u00fcndeki Efecik Yap\u0131, Marmaris\u2019te sahip oldu\u011fu 55 gayrimenkulle b\u00f6lgenin en geni\u015f portf\u00f6y\u00fcne sahiptir. Turizm alan\u0131nda, 1995 y\u0131l\u0131nda kurulan Rozi Turizm, konaklama, seyahat acentas\u0131, g\u00fcnl\u00fck turlar, g\u00fcnl\u00fck ev kiralama ve online seyahat portal\u0131 gibi hizmetler sunmaktad\u0131r. Teknoloji ve finans alan\u0131nda ise ES\u0130 VENTURE, gen\u00e7 ve dinamik kadrosu ile CRM yaz\u0131l\u0131m\u0131 ve online turizm sat\u0131\u015f portal\u0131 gibi projeleri y\u00fcr\u00fctmekte ve bilgi teknoloji giri\u015fimlerine yat\u0131r\u0131m yapmaktad\u0131r.<\/p>\n\n\n\n<p>Efecik Grup olarak, s\u00fcrd\u00fcr\u00fclebilir b\u00fcy\u00fcme ve topluma katk\u0131 sa\u011flama ilkeleri do\u011frultusunda, gelece\u011fe y\u00f6nelik yat\u0131r\u0131mlar\u0131m\u0131z\u0131 ve projelerimizi hayata ge\u00e7irmeye devam ediyoruz.<\/p>\n","protected":false},"excerpt":{"rendered":"<p>Efecik Grup, farkl\u0131 sekt\u00f6rlerde faaliyet g\u00f6steren modern ve dinamik bir yap\u0131 olarak, 1968 y\u0131l\u0131nda Muhammet Efecik taraf\u0131ndan yeni \u00e7\u00f6z\u00fcmler sunma misyonu ile ticari hayat\u0131na ba\u015flam\u0131\u015ft\u0131r. Grup b\u00fcnyesinde akaryak\u0131t gayrimenkul, in\u015faat, teknoloji, turizm ve finans alanlar\u0131nda faaliyet g\u00f6steren \u015firketler yer almaktad\u0131r. Her bir \u015firketimiz, kendi alan\u0131nda uzman kadrosu ve ileri teknolojiyi kullanarak, m\u00fc\u015fterilerimize en y\u00fcksek kalitede [&hellip;]<\/p>\n","protected":false},"author":1,"featured_media":0,"parent":0,"menu_order":0,"comment_status":"closed","ping_status":"closed","template":"","meta":[],"_links":{"self":[{"href":"https:\/\/efecik.com.tr\/index.php\/wp-json\/wp\/v2\/pages\/943"}],"collection":[{"href":"https:\/\/efecik.com.tr\/index.php\/wp-json\/wp\/v2\/pages"}],"about":[{"href":"https:\/\/efecik.com.tr\/index.php\/wp-json\/wp\/v2\/types\/page"}],"author":[{"embeddable":true,"href":"https:\/\/efecik.com.tr\/index.php\/wp-json\/wp\/v2\/users\/1"}],"replies":[{"embeddable":true,"href":"https:\/\/efecik.com.tr\/index.php\/wp-json\/wp\/v2\/comments?post=943"}],"version-history":[{"count":2,"href":"https:\/\/efecik.com.tr\/index.php\/wp-json\/wp\/v2\/pages\/943\/revisions"}],"predecessor-version":[{"id":967,"href":"https:\/\/efecik.com.tr\/index.php\/wp-json\/wp\/v2\/pages\/943\/revisions\/967"}],"wp:attachment":[{"href":"https:\/\/efecik.com.tr\/index.php\/wp-json\/wp\/v2\/media?parent=943"}],"curies":[{"name":"wp","href":"https:\/\/api.w.org\/{rel}","templated":true}]}}